{"id":41,"date":"2026-01-07T23:50:07","date_gmt":"2026-01-07T22:50:07","guid":{"rendered":"https:\/\/ivcl.fr\/?page_id=41"},"modified":"2026-01-13T14:13:06","modified_gmt":"2026-01-13T13:13:06","slug":"soutenez-et-adherez","status":"publish","type":"page","link":"https:\/\/ivcl.fr\/index.php\/soutenez-et-adherez\/","title":{"rendered":"Soutenir et Adh\u00e9rer"},"content":{"rendered":"\n<figure class=\"wp-block-image alignleft size-large\"><img loading=\"lazy\" decoding=\"async\" width=\"200\" height=\"667\" src=\"https:\/\/ivcl.fr\/wp-content\/uploads\/2026\/01\/bande-de-couleur4-6.png\" alt=\"\" class=\"wp-image-42\" srcset=\"https:\/\/ivcl.fr\/wp-content\/uploads\/2026\/01\/bande-de-couleur4-6.png 200w, https:\/\/ivcl.fr\/wp-content\/uploads\/2026\/01\/bande-de-couleur4-6-90x300.png 90w\" sizes=\"auto, (max-width: 200px) 100vw, 200px\" \/><\/figure>\n\n\n\n<ul class=\"wp-block-list\">\n<li><a href=\"https:\/\/ivcl.fr\/index.php\/2026\/01\/08\/adherez\/\" data-type=\"post\" data-id=\"56\">Adh\u00e9rez<\/a><\/li>\n\n\n\n<li><a href=\"https:\/\/ivcl.fr\/index.php\/2026\/01\/10\/dons-et-legs\/\" data-type=\"post\" data-id=\"138\">Dons et legs<\/a><\/li>\n\n\n\n<li><a href=\"https:\/\/ivcl.fr\/index.php\/2026\/01\/10\/mecenat-pour-le-musee\/\" data-type=\"post\" data-id=\"140\">M\u00e9c\u00e9nat pour le mus\u00e9e<\/a><\/li>\n<\/ul>\n","protected":false},"excerpt":{"rendered":"","protected":false},"author":1,"featured_media":0,"parent":0,"menu_order":0,"comment_status":"closed","ping_status":"closed","template":"","meta":{"footnotes":""},"class_list":["post-41","page","type-page","status-publish","hentry"],"_links":{"self":[{"href":"https:\/\/ivcl.fr\/index.php\/wp-json\/wp\/v2\/pages\/41","targetHints":{"allow":["GET"]}}],"collection":[{"href":"https:\/\/ivcl.fr\/index.php\/wp-json\/wp\/v2\/pages"}],"about":[{"href":"https:\/\/ivcl.fr\/index.php\/wp-json\/wp\/v2\/types\/page"}],"author":[{"embeddable":true,"href":"https:\/\/ivcl.fr\/index.php\/wp-json\/wp\/v2\/users\/1"}],"replies":[{"embeddable":true,"href":"https:\/\/ivcl.fr\/index.php\/wp-json\/wp\/v2\/comments?post=41"}],"version-history":[{"count":5,"href":"https:\/\/ivcl.fr\/index.php\/wp-json\/wp\/v2\/pages\/41\/revisions"}],"predecessor-version":[{"id":177,"href":"https:\/\/ivcl.fr\/index.php\/wp-json\/wp\/v2\/pages\/41\/revisions\/177"}],"wp:attachment":[{"href":"https:\/\/ivcl.fr\/index.php\/wp-json\/wp\/v2\/media?parent=41"}],"curies":[{"name":"wp","href":"https:\/\/api.w.org\/{rel}","templated":true}]}}