{"id":2,"date":"2024-08-26T11:50:36","date_gmt":"2024-08-26T09:50:36","guid":{"rendered":"http:\/\/ivcl.fr\/?page_id=2"},"modified":"2026-01-14T16:35:36","modified_gmt":"2026-01-14T15:35:36","slug":"page-d-exemple","status":"publish","type":"page","link":"https:\/\/ivcl.fr\/index.php\/page-d-exemple\/","title":{"rendered":"Deux illustres pour un village"},"content":{"rendered":"\n<figure class=\"wp-block-gallery has-nested-images columns-default is-cropped wp-block-gallery-1 is-layout-flex wp-block-gallery-is-layout-flex\">\n<figure class=\"wp-block-image size-large\"><img loading=\"lazy\" decoding=\"async\" width=\"445\" height=\"1024\" data-id=\"21\" src=\"https:\/\/ivcl.fr\/wp-content\/uploads\/2026\/01\/presentation3-1-445x1024.png\" alt=\"\" class=\"wp-image-21\" srcset=\"https:\/\/ivcl.fr\/wp-content\/uploads\/2026\/01\/presentation3-1-445x1024.png 445w, https:\/\/ivcl.fr\/wp-content\/uploads\/2026\/01\/presentation3-1-130x300.png 130w, https:\/\/ivcl.fr\/wp-content\/uploads\/2026\/01\/presentation3-1.png 600w\" sizes=\"auto, (max-width: 445px) 100vw, 445px\" \/><\/figure>\n\n\n\n<figure class=\"wp-block-image size-large\"><img loading=\"lazy\" decoding=\"async\" width=\"436\" height=\"1024\" data-id=\"19\" src=\"https:\/\/ivcl.fr\/wp-content\/uploads\/2026\/01\/presentation1-1-436x1024.png\" alt=\"\" class=\"wp-image-19\" srcset=\"https:\/\/ivcl.fr\/wp-content\/uploads\/2026\/01\/presentation1-1-436x1024.png 436w, https:\/\/ivcl.fr\/wp-content\/uploads\/2026\/01\/presentation1-1-128x300.png 128w, https:\/\/ivcl.fr\/wp-content\/uploads\/2026\/01\/presentation1-1.png 600w\" sizes=\"auto, (max-width: 436px) 100vw, 436px\" \/><\/figure>\n<\/figure>\n\n\n\n<ul class=\"wp-block-list\">\n<li><a href=\"https:\/\/www.monuments-nationaux.fr\/magazine\/dossiers-thematiques\/grands-personnages\/georges-clemenceau\">Georges Clemenceau<\/a><\/li>\n\n\n\n<li><a href=\"https:\/\/www.ordredelaliberation.fr\/fr\/compagnons\/jean-lattre-de-tassigny-de\">Mar\u00e9chal Jean de Lattre de Tassigny<\/a><\/li>\n\n\n\n<li><a href=\"https:\/\/ivcl.fr\/index.php\/2026\/01\/08\/un-musee-national-dans-le-village-natal\/\" data-type=\"post\" data-id=\"69\">Un mus\u00e9e national dans le village natal<\/a><\/li>\n<\/ul>\n\n\n\n<div class=\"wp-block-group is-nowrap is-layout-flex wp-container-core-group-is-layout-6c531013 wp-block-group-is-layout-flex\">\n<figure class=\"wp-block-image size-large\"><img loading=\"lazy\" decoding=\"async\" width=\"114\" height=\"1000\" src=\"https:\/\/ivcl.fr\/wp-content\/uploads\/2026\/01\/bande-de-couleur-1.png\" alt=\"\" class=\"wp-image-84\"\/><\/figure>\n\n\n\n<h2 class=\"wp-block-heading\">Exemples d&rsquo;unit\u00e9 sur les valeurs de la R\u00e9publique<\/h2>\n<\/div>\n\n\n\n<p>Catholiques et protestants, r\u00e9publicains et royalistes se sont combattus \u00e0 Mouilleron, en Vend\u00e9e. Clemenceau aux anc\u00eatres protestants et r\u00e9publicains, et de Lattre aux anc\u00eatres catholiques et royalistes, sont issus chacun d\u2019un camp oppos\u00e9 !<\/p>\n\n\n\n<p>Le grand-p\u00e8re de Clemenceau, Fran\u00e7ois Gautreau est protestant et r\u00e9publicain, et l\u2019arri\u00e8re-grand-p\u00e8re de de Lattre, Alexis Mosnay est catholique et royaliste. Par ironie du sort, la maison Gautreau est situ\u00e9e rue de la Chapelle \u00e0 Mouilleron, et celle des de Lattre, rue du Temple.<\/p>\n\n\n\n<p>En 1832, par r\u00e9action contre les l\u00e9gitimistes (souhaitant le retour des Bourbons au pouvoir), le gouvernement de Louis-Philippe nomme Fran\u00e7ois Gautreau maire pour remplacer Alexis Mosnay. C\u2019est le branle-bas de combat au village\u2026 L\u2019\u00e9v\u00eaque et le pr\u00e9fet interviennent pour calmer les esprits des \u00ab bleus \u00bb et des \u00ab blancs \u00bb mouilleronnais.<\/p>\n\n\n\n<p>Clemenceau, \u00e0 la suite de son voyage en 1906 en tant que ministre de l\u2019Int\u00e9rieur \u00e0 la Roche sur Yon se rend \u00e0 Mouilleron. En pleine s\u00e9paration de l\u2019\u00e9glise et de l\u2019Etat, Clemenceau re\u00e7oit un accueil glacial, avec portes closes et volets ferm\u00e9s. Le maire de l\u2019\u00e9poque, Jules H\u00e9nault, grand-p\u00e8re du mar\u00e9chal lui refusera m\u00eame l\u2019acc\u00e8s \u00e0 la mairie.&nbsp;<\/p>\n\n\n\n<p><strong>Le 5 avril 1918,<\/strong>&nbsp;le maire l\u00e9gitimiste, Roger de Lattre, \u00e9crit \u00e0 Clemenceau, radical progressiste, pour le \u00ab revendiquer hautement comme l\u2019un des leurs \u00bb.<br><strong>Le 14 avril 1918,<\/strong>&nbsp;la r\u00e9ponse est l\u00e0 : \u00ab C\u2019est un encouragement, mes amis, un vrai, un chaud, qui me revient des rochers de mon enfance&#8230; La belle victoire qui va venir, nous l\u2019aurons faite ensemble&#8230; \u00bb<\/p>\n\n\n\n<p><strong>Le 9 octobre 1921<\/strong>, Clemenceau accepte de pr\u00e9sider l\u2019inauguration du monument aux morts. Le jeune capitaine de Lattre, cinq fois bless\u00e9, huit fois cit\u00e9, participe \u00e0 la c\u00e9r\u00e9monie \u00e0 la demande de ce dernier, qui reprend le message d\u2019unit\u00e9 :&nbsp;<strong>\u00ab Il n\u2019y a rien de sup\u00e9rieur au sentiment de fraternit\u00e9 nationale \u00bb&nbsp;<\/strong><\/p>\n\n\n\n<p>R\u00e9conciliation mouilleronnaise, r\u00e9union de la Vend\u00e9e bleue et de la Vend\u00e9e blanche , appel \u00e0 l\u2019unit\u00e9 nationale: \u00ab&nbsp;<em>C\u2019est un magnifique moment d\u2019union que nous passons et nous avons raison de ne pas nous diviser. Nous avons des motifs sup\u00e9rieurs de nous aimer et de nous unir.&nbsp;<\/em>\u00bb dira Clemenceau.&nbsp;<\/p>\n\n\n\n<p>\u00ab&nbsp;<em>Je veux que ma derni\u00e8re pens\u00e9e soit un t\u00e9moignage d\u2019amour pour cette vieille cit\u00e9 o\u00f9 le hasard des choses me fit na\u00eetre, mais le plus bel hommage rendu aux morts au cours de cette manifestation c\u2019est vous, braves femmes, qui le lui avez apport\u00e9 avec vos larmes.&nbsp;<\/em>\u00bb Clemenceau.&nbsp;<\/p>\n\n\n\n<p>La premi\u00e8re rencontre a lieu en 1921 \u00e0 l\u2019initiative du p\u00e8re du mar\u00e9chal pour l\u2019inauguration du monument aux morts, avec un geste tr\u00e8s fort de r\u00e9conciliation entre les deux familles, puisque Clemenceau est alors invit\u00e9 chez les de Lattre pour la premi\u00e8re fois. La m\u00e8re du mar\u00e9chal grave m\u00eame ce moment historique sur le fauteuil sur laquelle le Tigre s\u2019est assis, qu\u2019on peut voir encore aujourd\u2019hui dans le salon.<\/p>\n\n\n\n<p>En 1926, Jean de Lattre pr\u00e9sente sa fianc\u00e9e, Simonne Calary de Lamazi\u00e8re \u00e0 Georges Clemenceau chez lui \u00e0 Paris en 1926. Clemenceau lui sugg\u00e8re d\u2019 \u00ab acheter un de ces moulins, ils vont tous dispara\u00eetre, et ce serait dommage \u00bb. De Lattre acquiert deux moulins sur la colline de Mouilleron. L\u2019un d\u2019eux est transform\u00e9 en chapelle St Jean-St Bernard.<\/p>\n\n\n\n<p>Invit\u00e9 au mariage de Jean et Simonne de Lattre, Clemenceau ne pourra s\u2019y rendre mais offrira un tr\u00e8s beau cristal de Lalique en leur souhaitant ses meilleurs voeux de bonheur.<\/p>\n\n\n\n<p>Avertis par la famille, Jean et Simonne de Lattre se rendent au domicile de Clemenceau pour s\u2019incliner devant son cercueil. Le 25 novembre 1929, ils assistent aux obs\u00e8ques civiles du Tigre \u00e0 Mouchamps avec une vingtaine d\u2019invit\u00e9s mis dans le secret.<\/p>\n","protected":false},"excerpt":{"rendered":"<p>Exemples d&rsquo;unit\u00e9 sur les valeurs de la R\u00e9publique Catholiques et protestants, r\u00e9publicains et royalistes se sont combattus \u00e0 Mouilleron, en Vend\u00e9e. Clemenceau aux anc\u00eatres protestants et r\u00e9publicains, et de Lattre aux anc\u00eatres catholiques et royalistes, sont issus chacun d\u2019un camp oppos\u00e9 ! Le grand-p\u00e8re de Clemenceau, Fran\u00e7ois Gautreau est protestant et r\u00e9publicain, et l\u2019arri\u00e8re-grand-p\u00e8re de [&hellip;]<\/p>\n","protected":false},"author":1,"featured_media":0,"parent":0,"menu_order":0,"comment_status":"closed","ping_status":"open","template":"","meta":{"footnotes":""},"class_list":["post-2","page","type-page","status-publish","hentry"],"_links":{"self":[{"href":"https:\/\/ivcl.fr\/index.php\/wp-json\/wp\/v2\/pages\/2","targetHints":{"allow":["GET"]}}],"collection":[{"href":"https:\/\/ivcl.fr\/index.php\/wp-json\/wp\/v2\/pages"}],"about":[{"href":"https:\/\/ivcl.fr\/index.php\/wp-json\/wp\/v2\/types\/page"}],"author":[{"embeddable":true,"href":"https:\/\/ivcl.fr\/index.php\/wp-json\/wp\/v2\/users\/1"}],"replies":[{"embeddable":true,"href":"https:\/\/ivcl.fr\/index.php\/wp-json\/wp\/v2\/comments?post=2"}],"version-history":[{"count":7,"href":"https:\/\/ivcl.fr\/index.php\/wp-json\/wp\/v2\/pages\/2\/revisions"}],"predecessor-version":[{"id":237,"href":"https:\/\/ivcl.fr\/index.php\/wp-json\/wp\/v2\/pages\/2\/revisions\/237"}],"wp:attachment":[{"href":"https:\/\/ivcl.fr\/index.php\/wp-json\/wp\/v2\/media?parent=2"}],"curies":[{"name":"wp","href":"https:\/\/api.w.org\/{rel}","templated":true}]}}